{"id":39,"date":"2023-01-16T13:14:25","date_gmt":"2023-01-16T13:14:25","guid":{"rendered":"https:\/\/adventureholidaysnorway.com\/about-us\/"},"modified":"2024-03-06T15:38:30","modified_gmt":"2024-03-06T15:38:30","slug":"acerca-de-nosotros","status":"publish","type":"page","link":"https:\/\/adventureholidaysnorway.com\/es\/about-us\/","title":{"rendered":"Qui\u00e9nes somos"},"content":{"rendered":"<p>Adventure Holidays Norway se dedica a crear experiencias inolvidables para quienes buscan aventuras en el hermoso pa\u00eds de Noruega.<\/p>\n\n\n\n<p>Somos una <strong>equipo de aventureros de coraz\u00f3n<\/strong>Siempre en busca de nuevas y emocionantes experiencias al aire libre. Desde los picos nevados hasta las escarpadas costas y fiordos, sabemos que Noruega es un destino sin igual.<\/p>\n\n\n\n<p>Somos viajeros experimentados y apasionados que nos comprometemos a garantizar la seguridad y el disfrute de usted, nuestro querido hu\u00e9sped.<\/p>\n\n\n\n<figure class=\"wp-block-image size-large\"><img loading=\"lazy\" decoding=\"async\" width=\"1024\" height=\"566\" src=\"https:\/\/adventureholidaysnorway.com\/wp-content\/uploads\/canoeing-norway-1024x566.webp\" alt=\"Pirag\u00fcismo noruega\" class=\"wp-image-442\" srcset=\"https:\/\/adventureholidaysnorway.com\/wp-content\/uploads\/canoeing-norway-1024x566.webp 1024w, https:\/\/adventureholidaysnorway.com\/wp-content\/uploads\/canoeing-norway-300x166.webp 300w, https:\/\/adventureholidaysnorway.com\/wp-content\/uploads\/canoeing-norway-768x424.webp 768w, https:\/\/adventureholidaysnorway.com\/wp-content\/uploads\/canoeing-norway-1536x849.webp 1536w, https:\/\/adventureholidaysnorway.com\/wp-content\/uploads\/canoeing-norway-2048x1132.webp 2048w, https:\/\/adventureholidaysnorway.com\/wp-content\/uploads\/canoeing-norway-18x10.webp 18w, https:\/\/adventureholidaysnorway.com\/wp-content\/uploads\/canoeing-norway-scaled.webp 1920w\" sizes=\"auto, (max-width: 1024px) 100vw, 1024px\" \/><figcaption class=\"wp-element-caption\">Muchas actividades para elegir<\/figcaption><\/figure>\n\n\n\n<h2 class=\"wp-block-heading\">Noruega: Un destino para los aventureros<\/h2>\n\n\n\n<p>Con sus impresionantes paisajes naturales y su diversidad de terrenos, Noruega ofrece <strong>infinitas oportunidades para vivir aventuras al aire libre<\/strong>. Tanto si quiere practicar senderismo, escalada, ciclismo o rafting, Noruega lo tiene todo. Y con su rico patrimonio cultural y su amplia gama de atracciones, siempre hay algo nuevo y emocionante que descubrir.<\/p>\n\n\n\n<p>Nuestra <strong>equipo de agentes de viajes con experiencia y conocimientos<\/strong> se dedica a garantizar que su viaje se desarrolle de la mejor manera posible. Nos apasiona la naturaleza y llevamos muchos a\u00f1os ofreciendo experiencias de aventura de alta calidad a nuestros clientes.<\/p>\n\n\n\n<figure class=\"wp-block-image size-large\"><img decoding=\"async\" src=\"https:\/\/adventureholidaysnorway.com\/wp-content\/uploads\/crab-1024x672.webp\" alt=\"Cangrejo\" class=\"wp-image-415\" \/><figcaption class=\"wp-element-caption\">Nos apasiona ofrecer experiencias inolvidables<\/figcaption><\/figure>\n\n\n\n<h2 class=\"wp-block-heading\">Haga realidad su pr\u00f3xima aventura<\/h2>\n\n\n\n<p>Reservar unas vacaciones de aventura con Adventure Holidays Norway es <strong>sencillo y sin complicaciones<\/strong>. Rellene nuestro sencillo cuestionario y uno de nuestros agentes de viajes se pondr\u00e1 en contacto con usted para ayudarle a finalizar su reserva. Trabajaremos con usted para asegurarnos de que sus vacaciones de aventura sean <strong>adaptadas a sus intereses y capacidades<\/strong>para que pueda disfrutar de lo mejor de Noruega a su manera.<\/p>\n\n\n\n<p>Adventure Holidays Noruega es una <strong>empresa asegurada a todo riesgo<\/strong>Para que pueda reservar con confianza sabiendo que sus dep\u00f3sitos est\u00e1n seguros con nosotros. Nuestra m\u00e1xima prioridad es ofrecer el mejor servicio y asistencia posibles a nuestros hu\u00e9spedes, para que pueda relajarse y disfrutar de sus vacaciones sin preocuparse por los detalles.<\/p>\n\n\n\n<figure class=\"wp-block-image size-large is-resized\"><img loading=\"lazy\" decoding=\"async\" src=\"https:\/\/adventureholidaysnorway.com\/wp-content\/uploads\/husky-adventure-2-1024x691.webp\" alt=\"Aventura Husky\" class=\"wp-image-423\" style=\"width:1024px;height:691px\" width=\"1024\" height=\"691\" srcset=\"https:\/\/adventureholidaysnorway.com\/wp-content\/uploads\/husky-adventure-2-1024x691.webp 1024w, https:\/\/adventureholidaysnorway.com\/wp-content\/uploads\/husky-adventure-2-300x202.webp 300w, https:\/\/adventureholidaysnorway.com\/wp-content\/uploads\/husky-adventure-2-768x518.webp 768w, https:\/\/adventureholidaysnorway.com\/wp-content\/uploads\/husky-adventure-2-1536x1037.webp 1536w, https:\/\/adventureholidaysnorway.com\/wp-content\/uploads\/husky-adventure-2-2048x1382.webp 2048w, https:\/\/adventureholidaysnorway.com\/wp-content\/uploads\/husky-adventure-2-18x12.webp 18w, https:\/\/adventureholidaysnorway.com\/wp-content\/uploads\/husky-adventure-2-scaled.webp 1920w\" sizes=\"auto, (max-width: 1024px) 100vw, 1024px\" \/><figcaption class=\"wp-element-caption\">Gracias por considerar Adventure Holidays Norway para su pr\u00f3xima aventura.<\/figcaption><\/figure>\n\n\n\n<p>Si te interesan otros lugares de aventura, echa un vistazo:<\/p>\n\n\n\n<ul class=\"wp-block-list\">\n<li><a href=\"https:\/\/adventure-holidays-slovenia.com\/\" target=\"_blank\" rel=\"noreferrer noopener\">Vacaciones de aventura Eslovenia<\/a><\/li>\n\n\n\n<li><a href=\"https:\/\/activityholidayscroatia.com\/\">Vacaciones activas en Croacia<\/a><\/li>\n\n\n\n<li><a rel=\"noreferrer noopener\" href=\"https:\/\/activityholidaysitaly.com\/\" target=\"_blank\">Vacaciones activas en Italia<\/a><\/li>\n<\/ul>\n\n\n\n<p>En medio de las diversas aventuras que ofrece Noruega, los entusiastas de los deportes de invierno tambi\u00e9n pueden adentrarse en el estimulante mundo del <a href=\"https:\/\/skitouringnorway.com\/\">Esqu\u00ed de traves\u00eda Noruega<\/a>capturando la esencia de los pr\u00edstinos paisajes nevados y los desafiantes terrenos noruegos.<\/p>","protected":false},"excerpt":{"rendered":"<p>Adventure Holidays Norway se dedica a crear experiencias inolvidables para aquellos que buscan aventuras en el hermoso pa\u00eds de Noruega. Somos un equipo de aventureros de coraz\u00f3n, siempre en busca de nuevas y emocionantes experiencias al aire libre. Desde los picos nevados hasta las escarpadas costas y fiordos, sabemos que Noruega es un destino como ... <a href=\"https:\/\/adventureholidaysnorway.com\/es\/about-us\/\">Contin\u00faa en<\/a><\/p>","protected":false},"author":39,"featured_media":408,"parent":0,"menu_order":0,"comment_status":"open","ping_status":"open","template":"","meta":{"footnotes":""},"class_list":["post-39","page","type-page","status-publish","has-post-thumbnail","hentry"],"acf":{"page_subheading":"Discover the beauty and adventure of Norway with the help of our experienced and passionate team, always ready to make your wish a reality. "},"_links":{"self":[{"href":"https:\/\/adventureholidaysnorway.com\/es\/wp-json\/wp\/v2\/pages\/39","targetHints":{"allow":["GET"]}}],"collection":[{"href":"https:\/\/adventureholidaysnorway.com\/es\/wp-json\/wp\/v2\/pages"}],"about":[{"href":"https:\/\/adventureholidaysnorway.com\/es\/wp-json\/wp\/v2\/types\/page"}],"author":[{"embeddable":true,"href":"https:\/\/adventureholidaysnorway.com\/es\/wp-json\/wp\/v2\/users\/39"}],"replies":[{"embeddable":true,"href":"https:\/\/adventureholidaysnorway.com\/es\/wp-json\/wp\/v2\/comments?post=39"}],"version-history":[{"count":7,"href":"https:\/\/adventureholidaysnorway.com\/es\/wp-json\/wp\/v2\/pages\/39\/revisions"}],"predecessor-version":[{"id":9659,"href":"https:\/\/adventureholidaysnorway.com\/es\/wp-json\/wp\/v2\/pages\/39\/revisions\/9659"}],"wp:featuredmedia":[{"embeddable":true,"href":"https:\/\/adventureholidaysnorway.com\/es\/wp-json\/wp\/v2\/media\/408"}],"wp:attachment":[{"href":"https:\/\/adventureholidaysnorway.com\/es\/wp-json\/wp\/v2\/media?parent=39"}],"curies":[{"name":"wp","href":"https:\/\/api.w.org\/{rel}","templated":true}]}}